{"id":7554,"date":"2025-02-03T19:59:55","date_gmt":"2025-02-04T00:59:55","guid":{"rendered":"https:\/\/www.letterofcredit.biz\/?page_id=7554"},"modified":"2025-02-03T20:20:24","modified_gmt":"2025-02-04T01:20:24","slug":"contact-us","status":"publish","type":"page","link":"https:\/\/www.letterofcredit.biz\/index.php\/contact-us\/","title":{"rendered":"Contact Us"},"content":{"rendered":"\n<p>Please carefully read the following points before contacting us regarding letter of credit consultancy services.<\/p>\n\n\n<div class=\"wp-block-image\">\n<figure class=\"alignleft size-medium\"><img data-dominant-color=\"8eb6ca\" data-has-transparency=\"false\" style=\"--dominant-color: #8eb6ca;\" decoding=\"async\" width=\"267\" height=\"300\" sizes=\"(max-width: 267px) 100vw, 267px\" src=\"https:\/\/www.letterofcredit.biz\/wp-content\/uploads\/contact-us-267x300.webp\" alt=\"\" class=\"wp-image-7565 not-transparent\" srcset=\"https:\/\/www.letterofcredit.biz\/wp-content\/uploads\/contact-us-267x300.webp 267w, https:\/\/www.letterofcredit.biz\/wp-content\/uploads\/contact-us-png.webp 595w\" \/><\/figure>\n<\/div>\n\n\n<p>&#x2714;As per company policy, we are unable to respond to business inquiries that we have not engaged in.<\/p>\n\n\n\n<p>&#x2714;Basic information about letters of credit has been covered on nearly 400 pages on our website. You can access this information for free. If you require more detailed information, please consider our paid consultancy option.<\/p>\n\n\n\n<p>&#x2714;No payment guarantee is offered for letter of credit consultancy services. Non-payment, late payment, and all related risks will be borne by your company.<\/p>\n\n\n\n<p>&#x2714;We do not offer services related to transferable or back-to-back letters of credit.<\/p>\n\n\n\n<p>&#x2714;Letter of credit consultancy pricing is done on a case-by-case basis. Price information cannot be provided unless the original letter of credit text is sent to us via email.<\/p>\n\n\n\n<p>&#x2714;We do not charge per hour; we charge only for each letter of credit. Each letter of credit requires one consultancy fee. No extra fees or payments.<\/p>\n\n\n\n<p>&#x2714;All of our consultancy services are provided online means.<\/p>\n\n\n\n<p>&#x2714;All of our transactions are invoiced through the e-invoice system online.<\/p>\n\n\n\n<h2 class=\"wp-block-heading has-vivid-cyan-blue-color has-text-color has-link-color wp-elements-9e1a162af03729dc4d74f35b07854820\">Contact Details:<\/h2>\n\n\n\n<p><strong>Address:<\/strong> Mansuro\u011flu Mahallesi Dumlup\u0131nar Caddesi No:47 D:2 Bayrakl\u0131 \u0130zmir Turkey<br><strong>Tel:<\/strong> 00 90 232 344 0 973<br><strong>Email:<\/strong> lc@letterofcredit.biz<br><strong>Email: <\/strong>eker.ozgur(at)gmail.com<\/p>\n\n\n\n<p><\/p>\n","protected":false},"excerpt":{"rendered":"<p>Please carefully read the following points before contacting us regarding letter of credit consultancy services. &#x2714;As per company policy, we are unable to respond to business inquiries that we have not engaged in. &#x2714;Basic information about letters of credit has<\/p>\n","protected":false},"author":1,"featured_media":0,"parent":0,"menu_order":0,"comment_status":"closed","ping_status":"closed","template":"page-templates\/contact.php","meta":{"footnotes":""},"class_list":["post-7554","page","type-page","status-publish","hentry"],"_links":{"self":[{"href":"https:\/\/www.letterofcredit.biz\/index.php\/wp-json\/wp\/v2\/pages\/7554","targetHints":{"allow":["GET"]}}],"collection":[{"href":"https:\/\/www.letterofcredit.biz\/index.php\/wp-json\/wp\/v2\/pages"}],"about":[{"href":"https:\/\/www.letterofcredit.biz\/index.php\/wp-json\/wp\/v2\/types\/page"}],"author":[{"embeddable":true,"href":"https:\/\/www.letterofcredit.biz\/index.php\/wp-json\/wp\/v2\/users\/1"}],"replies":[{"embeddable":true,"href":"https:\/\/www.letterofcredit.biz\/index.php\/wp-json\/wp\/v2\/comments?post=7554"}],"version-history":[{"count":0,"href":"https:\/\/www.letterofcredit.biz\/index.php\/wp-json\/wp\/v2\/pages\/7554\/revisions"}],"wp:attachment":[{"href":"https:\/\/www.letterofcredit.biz\/index.php\/wp-json\/wp\/v2\/media?parent=7554"}],"curies":[{"name":"wp","href":"https:\/\/api.w.org\/{rel}","templated":true}]}}